{"id":2,"date":"2014-01-06T22:00:10","date_gmt":"2014-01-06T22:00:10","guid":{"rendered":"http:\/\/otakugattai.com.br\/og\/?page_id=2"},"modified":"2025-08-26T17:19:18","modified_gmt":"2025-08-26T20:19:18","slug":"sobre","status":"publish","type":"page","link":"https:\/\/otakugattai.com.br\/og\/sobre\/","title":{"rendered":"Sobre"},"content":{"rendered":"\n<p>Levar informa\u00e7\u00f5es sobre os diversos tipos de eventos que acontece no ano, seja Geek , Gamer , Fisiculturismo , Music , Otaku , Encontros , Corrida , Tattoo e etc\u2026 e com isso o objetivo de entregar variadas noticias para nosso p\u00fablico que acompanha essa gama de eventos diversos.<\/p>\n\n\n\n<p>Cobertura fotogr\u00e1fica encontra-se no Facebook,&nbsp;Cobertura audiovisual encontra-se no youtube, veja nossas outras redes tamb\u00e9m como Instagram , twitter e outros\u2026<\/p>\n\n\n\n<p>**O grupo Otaku Gattai surgiu em agosto de 2008 com um grupo de amigos, cujo o objetivo \u00e9 passar not\u00edcias, fotos, eventos, shows e tudo que for relacionados ao mundo otaku e cultura japonesa.<\/p>\n\n\n\n<p>O grupo foi originalmente formado por seis amigos e, atualmente, conta com tr\u00eas integrantes da forma\u00e7\u00e3o inicial: <strong>Washington Lemos<\/strong>, <strong>Anderson Arrais<\/strong> e <strong>Vanderson Arrais<\/strong>. Al\u00e9m deles, h\u00e1 uma rede de correspondentes e colaboradores espalhados por todo o Brasil, que contribuem para levar sempre o melhor conte\u00fado e informa\u00e7\u00f5es aos nossos visitantes e amigos. Com foco constante na qualidade, buscamos novidades e parcerias que nos permitam oferecer o melhor do universo otaku a todos.<\/p>\n\n\n\n<p>Otaku gattai, onde a honra otaku e a lealdade \u00e9 igual a uni\u00e3o!!!<\/p>\n\n\n","protected":false},"excerpt":{"rendered":"<p>Levar informa\u00e7\u00f5es sobre os diversos tipos de eventos que acontece no ano, seja Geek , Gamer , Fisiculturismo , Music&#46;&#46;&#46;<\/p>\n","protected":false},"author":1,"featured_media":0,"parent":0,"menu_order":0,"comment_status":"open","ping_status":"open","template":"","meta":{"footnotes":""},"class_list":["post-2","page","type-page","status-publish","hentry"],"_links":{"self":[{"href":"https:\/\/otakugattai.com.br\/og\/wp-json\/wp\/v2\/pages\/2","targetHints":{"allow":["GET"]}}],"collection":[{"href":"https:\/\/otakugattai.com.br\/og\/wp-json\/wp\/v2\/pages"}],"about":[{"href":"https:\/\/otakugattai.com.br\/og\/wp-json\/wp\/v2\/types\/page"}],"author":[{"embeddable":true,"href":"https:\/\/otakugattai.com.br\/og\/wp-json\/wp\/v2\/users\/1"}],"replies":[{"embeddable":true,"href":"https:\/\/otakugattai.com.br\/og\/wp-json\/wp\/v2\/comments?post=2"}],"version-history":[{"count":6,"href":"https:\/\/otakugattai.com.br\/og\/wp-json\/wp\/v2\/pages\/2\/revisions"}],"predecessor-version":[{"id":45532,"href":"https:\/\/otakugattai.com.br\/og\/wp-json\/wp\/v2\/pages\/2\/revisions\/45532"}],"wp:attachment":[{"href":"https:\/\/otakugattai.com.br\/og\/wp-json\/wp\/v2\/media?parent=2"}],"curies":[{"name":"wp","href":"https:\/\/api.w.org\/{rel}","templated":true}]}}