{"id":720,"date":"2014-03-03T22:17:08","date_gmt":"2014-03-04T01:17:08","guid":{"rendered":"http:\/\/otakugattai.com.br\/og\/?page_id=720"},"modified":"2014-03-03T22:17:08","modified_gmt":"2014-03-04T01:17:08","slug":"recrutamento","status":"publish","type":"page","link":"https:\/\/otakugattai.com.br\/og\/recrutamento\/","title":{"rendered":"Recrutamento"},"content":{"rendered":"\n<div class=\"wpcf7 no-js\" id=\"wpcf7-f719-o1\" lang=\"pt-BR\" dir=\"ltr\" data-wpcf7-id=\"719\">\n<div class=\"screen-reader-response\"><p role=\"status\" aria-live=\"polite\" aria-atomic=\"true\"><\/p> <ul><\/ul><\/div>\n<form action=\"\/og\/wp-json\/wp\/v2\/pages\/720#wpcf7-f719-o1\" method=\"post\" class=\"wpcf7-form init\" aria-label=\"Formul\u00e1rios de contato\" novalidate=\"novalidate\" data-status=\"init\">\n<fieldset class=\"hidden-fields-container\"><input type=\"hidden\" name=\"_wpcf7\" value=\"719\" \/><input type=\"hidden\" name=\"_wpcf7_version\" value=\"6.1.4\" \/><input type=\"hidden\" name=\"_wpcf7_locale\" value=\"pt_BR\" \/><input type=\"hidden\" name=\"_wpcf7_unit_tag\" value=\"wpcf7-f719-o1\" \/><input type=\"hidden\" name=\"_wpcf7_container_post\" value=\"0\" \/><input type=\"hidden\" name=\"_wpcf7_posted_data_hash\" value=\"\" \/>\n<\/fieldset>\n<p>Seu nome (obrigat\u00f3rio)\n<\/p>\n<p><span class=\"wpcf7-form-control-wrap\" data-name=\"your-name\"><input size=\"40\" maxlength=\"400\" class=\"wpcf7-form-control wpcf7-text wpcf7-validates-as-required\" aria-required=\"true\" aria-invalid=\"false\" value=\"\" type=\"text\" name=\"your-name\" \/><\/span>\n<\/p>\n<p>Seu e-mail (obrigat\u00f3rio)\n<\/p>\n<p><span class=\"wpcf7-form-control-wrap\" data-name=\"your-email\"><input size=\"40\" maxlength=\"400\" class=\"wpcf7-form-control wpcf7-email wpcf7-validates-as-required wpcf7-text wpcf7-validates-as-email\" aria-required=\"true\" aria-invalid=\"false\" value=\"\" type=\"email\" name=\"your-email\" \/><\/span>\n<\/p>\n<p>Idade\n<\/p>\n<p><span class=\"wpcf7-form-control-wrap\" data-name=\"Idade\"><input size=\"40\" maxlength=\"400\" class=\"wpcf7-form-control wpcf7-text\" aria-invalid=\"false\" value=\"\" type=\"text\" name=\"Idade\" \/><\/span>\n<\/p>\n<p>Sexo (obrigat\u00f3rio)\n<\/p>\n<p><span class=\"wpcf7-form-control-wrap\" data-name=\"Sexo\"><select class=\"wpcf7-form-control wpcf7-select wpcf7-validates-as-required\" aria-required=\"true\" aria-invalid=\"false\" name=\"Sexo\"><option value=\"\">&#8212;Escolha uma op\u00e7\u00e3o&#8212;<\/option><option value=\"Feminino\">Feminino<\/option><option value=\"Masculino\">Masculino<\/option><\/select><\/span>\n<\/p>\n<p>Cidade\n<\/p>\n<p><span class=\"wpcf7-form-control-wrap\" data-name=\"Cidade\"><input size=\"40\" maxlength=\"400\" class=\"wpcf7-form-control wpcf7-text\" aria-invalid=\"false\" value=\"\" type=\"text\" name=\"Cidade\" \/><\/span>\n<\/p>\n<p>Facebook\n<\/p>\n<p><span class=\"wpcf7-form-control-wrap\" data-name=\"Facebook\"><input size=\"40\" maxlength=\"400\" class=\"wpcf7-form-control wpcf7-url wpcf7-text wpcf7-validates-as-url\" aria-invalid=\"false\" value=\"\" type=\"url\" name=\"Facebook\" \/><\/span>\n<\/p>\n<p>Tema de interesse\n<\/p>\n<p><span class=\"wpcf7-form-control-wrap\" data-name=\"Temas\"><span class=\"wpcf7-form-control wpcf7-checkbox\"><span class=\"wpcf7-list-item first\"><input type=\"checkbox\" name=\"Temas[]\" value=\"Animes\" \/><span class=\"wpcf7-list-item-label\">Animes<\/span><\/span><span class=\"wpcf7-list-item\"><input type=\"checkbox\" name=\"Temas[]\" value=\"Mang\u00e1s\" \/><span class=\"wpcf7-list-item-label\">Mang\u00e1s<\/span><\/span><span class=\"wpcf7-list-item\"><input type=\"checkbox\" name=\"Temas[]\" value=\"Live Actions \/ Doramas\" \/><span class=\"wpcf7-list-item-label\">Live Actions \/ Doramas<\/span><\/span><span class=\"wpcf7-list-item\"><input type=\"checkbox\" name=\"Temas[]\" value=\"Cosplay\" \/><span class=\"wpcf7-list-item-label\">Cosplay<\/span><\/span><span class=\"wpcf7-list-item\"><input type=\"checkbox\" name=\"Temas[]\" value=\"Eventos\" \/><span class=\"wpcf7-list-item-label\">Eventos<\/span><\/span><span class=\"wpcf7-list-item\"><input type=\"checkbox\" name=\"Temas[]\" value=\"Games\" \/><span class=\"wpcf7-list-item-label\">Games<\/span><\/span><span class=\"wpcf7-list-item\"><input type=\"checkbox\" name=\"Temas[]\" value=\"Variedades Japonesas\" \/><span class=\"wpcf7-list-item-label\">Variedades Japonesas<\/span><\/span><span class=\"wpcf7-list-item last\"><input type=\"checkbox\" name=\"Temas[]\" value=\"Outros\" \/><span class=\"wpcf7-list-item-label\">Outros<\/span><\/span><\/span><\/span>\n<\/p>\n<p>Fale mais sobre como gostaria de contribuir com o site\n<\/p>\n<p><span class=\"wpcf7-form-control-wrap\" data-name=\"your-message\"><textarea cols=\"40\" rows=\"10\" maxlength=\"2000\" class=\"wpcf7-form-control wpcf7-textarea\" aria-invalid=\"false\" name=\"your-message\"><\/textarea><\/span>\n<\/p>\n<p>O site Otaku Gattai \u00e9 uma organiza\u00e7\u00e3o que trabalha apenas por hobby, ao enviar o formul\u00e1rio voc\u00ea aceita trabalhar como volunt\u00e1rio e ser respons\u00e1vel.\n<\/p>\n<p><input class=\"wpcf7-form-control wpcf7-submit has-spinner\" type=\"submit\" value=\"Enviar\" \/>\n<\/p><div class=\"wpcf7-response-output\" aria-hidden=\"true\"><\/div>\n<\/form>\n<\/div>\n\n","protected":false},"excerpt":{"rendered":"","protected":false},"author":1,"featured_media":0,"parent":0,"menu_order":0,"comment_status":"open","ping_status":"open","template":"","meta":{"footnotes":""},"class_list":["post-720","page","type-page","status-publish","hentry"],"_links":{"self":[{"href":"https:\/\/otakugattai.com.br\/og\/wp-json\/wp\/v2\/pages\/720","targetHints":{"allow":["GET"]}}],"collection":[{"href":"https:\/\/otakugattai.com.br\/og\/wp-json\/wp\/v2\/pages"}],"about":[{"href":"https:\/\/otakugattai.com.br\/og\/wp-json\/wp\/v2\/types\/page"}],"author":[{"embeddable":true,"href":"https:\/\/otakugattai.com.br\/og\/wp-json\/wp\/v2\/users\/1"}],"replies":[{"embeddable":true,"href":"https:\/\/otakugattai.com.br\/og\/wp-json\/wp\/v2\/comments?post=720"}],"version-history":[{"count":1,"href":"https:\/\/otakugattai.com.br\/og\/wp-json\/wp\/v2\/pages\/720\/revisions"}],"predecessor-version":[{"id":721,"href":"https:\/\/otakugattai.com.br\/og\/wp-json\/wp\/v2\/pages\/720\/revisions\/721"}],"wp:attachment":[{"href":"https:\/\/otakugattai.com.br\/og\/wp-json\/wp\/v2\/media?parent=720"}],"curies":[{"name":"wp","href":"https:\/\/api.w.org\/{rel}","templated":true}]}}