{"id":736,"date":"2014-03-07T08:23:34","date_gmt":"2014-03-07T11:23:34","guid":{"rendered":"http:\/\/otakugattai.com.br\/og\/?page_id=736"},"modified":"2014-03-08T20:08:39","modified_gmt":"2014-03-08T23:08:39","slug":"parceria","status":"publish","type":"page","link":"https:\/\/otakugattai.com.br\/og\/parceria\/","title":{"rendered":"Parceria"},"content":{"rendered":"<p>Parceria Otaku Gattai<\/p>\n<p>Gostaria de ser parceiro do nosso site?<br \/>\nVerifique se voc\u00ea est\u00e1 dentro dos requisitos abaixo e entre em contato conosco.<\/p>\n<ul>\n<li>&#8211; Seu site\/blog dever\u00e1 ter pelo menos uma postagem mensal;<\/li>\n<li>&#8211; N\u00e3o ser um blog copiador e ter seu pr\u00f3prio conte\u00fado;<\/li>\n<li>&#8211; A parceria s\u00f3 ser\u00e1 feita com blogs com assunto ligado ao Jap\u00e3o. Pode ser mang\u00e1, anime, cultura japonesa, conte\u00fado Otaku, e etc&#8230;;<\/li>\n<li>&#8211; Passar por uma pr\u00e9via avalia\u00e7\u00e3o ( vai ser verificado se o site n\u00e3o faz alus\u00e3o\/propaganda \u00e0 pedofilia, viol\u00eancia,\u00a0prostitui\u00e7\u00e3o, racismos, etc&#8230;).<\/li>\n<\/ul>\n<p><center>88&#215;31<br \/>\n<img decoding=\"async\" src=\"http:\/\/otakugattai.com.br\/imagens\/gattai8831.gif\" border=\"0\" \/><br \/>\n<textarea cols=\"20\" onfocus=\"this.select()\" onmouseover=\"this.focus()\" rows=\"4\"><a href=\"http:\/\/otakugattai.com.br\/\" target=\"_blank\"><img decoding=\"async\" src=\"http:\/\/otakugattai.com.br\/imagens\/gattai8831.gif\" border=\"0\" alt=\"Otaku Gattai\" title=\"Otaku Gattai\" \/><\/a><\/textarea><br \/>\n<\/center><br \/>\nPreencha o formul\u00e1rio abaixo ou envie um e-mail para contato@otakugattai.com.br.<\/p>\n\n<div class=\"wpcf7 no-js\" id=\"wpcf7-f743-o1\" lang=\"pt-BR\" dir=\"ltr\" data-wpcf7-id=\"743\">\n<div class=\"screen-reader-response\"><p role=\"status\" aria-live=\"polite\" aria-atomic=\"true\"><\/p> <ul><\/ul><\/div>\n<form action=\"\/og\/wp-json\/wp\/v2\/pages\/736#wpcf7-f743-o1\" method=\"post\" class=\"wpcf7-form init\" aria-label=\"Formul\u00e1rios de contato\" novalidate=\"novalidate\" data-status=\"init\">\n<fieldset class=\"hidden-fields-container\"><input type=\"hidden\" name=\"_wpcf7\" value=\"743\" \/><input type=\"hidden\" name=\"_wpcf7_version\" value=\"6.1.4\" \/><input type=\"hidden\" name=\"_wpcf7_locale\" value=\"pt_BR\" \/><input type=\"hidden\" name=\"_wpcf7_unit_tag\" value=\"wpcf7-f743-o1\" \/><input type=\"hidden\" name=\"_wpcf7_container_post\" value=\"0\" \/><input type=\"hidden\" name=\"_wpcf7_posted_data_hash\" value=\"\" \/>\n<\/fieldset>\n<p>Seu nome (obrigat\u00f3rio)\n<\/p>\n<p><span class=\"wpcf7-form-control-wrap\" data-name=\"your-name\"><input size=\"40\" maxlength=\"400\" class=\"wpcf7-form-control wpcf7-text wpcf7-validates-as-required\" aria-required=\"true\" aria-invalid=\"false\" value=\"\" type=\"text\" name=\"your-name\" \/><\/span>\n<\/p>\n<p>Seu e-mail (obrigat\u00f3rio)\n<\/p>\n<p><span class=\"wpcf7-form-control-wrap\" data-name=\"your-email\"><input size=\"40\" maxlength=\"400\" class=\"wpcf7-form-control wpcf7-email wpcf7-validates-as-required wpcf7-text wpcf7-validates-as-email\" aria-required=\"true\" aria-invalid=\"false\" value=\"\" type=\"email\" name=\"your-email\" \/><\/span>\n<\/p>\n<p>Seu Site ou blog (obrigat\u00f3rio)\n<\/p>\n<p><span class=\"wpcf7-form-control-wrap\" data-name=\"Site\"><input size=\"40\" maxlength=\"400\" class=\"wpcf7-form-control wpcf7-url wpcf7-validates-as-required wpcf7-text wpcf7-validates-as-url\" aria-required=\"true\" aria-invalid=\"false\" value=\"\" type=\"url\" name=\"Site\" \/><\/span>\n<\/p>\n<p>URL banner 88x31\n<\/p>\n<p><span class=\"wpcf7-form-control-wrap\" data-name=\"Banner\"><input size=\"40\" maxlength=\"400\" class=\"wpcf7-form-control wpcf7-url wpcf7-text wpcf7-validates-as-url\" aria-invalid=\"false\" value=\"\" type=\"url\" name=\"Banner\" \/><\/span>\n<\/p>\n<p>Sua mensagem\n<\/p>\n<p><span class=\"wpcf7-form-control-wrap\" data-name=\"your-message\"><textarea cols=\"40\" rows=\"10\" maxlength=\"2000\" class=\"wpcf7-form-control wpcf7-textarea\" aria-invalid=\"false\" name=\"your-message\"><\/textarea><\/span>\n<\/p>\n<p><input class=\"wpcf7-form-control wpcf7-submit has-spinner\" type=\"submit\" value=\"Enviar\" \/>\n<\/p><div class=\"wpcf7-response-output\" aria-hidden=\"true\"><\/div>\n<\/form>\n<\/div>\n\n","protected":false},"excerpt":{"rendered":"<p>Parceria Otaku Gattai Gostaria de ser parceiro do nosso site? Verifique se voc\u00ea est\u00e1 dentro dos requisitos abaixo e entre&#46;&#46;&#46;<\/p>\n","protected":false},"author":1,"featured_media":0,"parent":0,"menu_order":0,"comment_status":"open","ping_status":"closed","template":"","meta":{"footnotes":""},"class_list":["post-736","page","type-page","status-publish","hentry"],"_links":{"self":[{"href":"https:\/\/otakugattai.com.br\/og\/wp-json\/wp\/v2\/pages\/736","targetHints":{"allow":["GET"]}}],"collection":[{"href":"https:\/\/otakugattai.com.br\/og\/wp-json\/wp\/v2\/pages"}],"about":[{"href":"https:\/\/otakugattai.com.br\/og\/wp-json\/wp\/v2\/types\/page"}],"author":[{"embeddable":true,"href":"https:\/\/otakugattai.com.br\/og\/wp-json\/wp\/v2\/users\/1"}],"replies":[{"embeddable":true,"href":"https:\/\/otakugattai.com.br\/og\/wp-json\/wp\/v2\/comments?post=736"}],"version-history":[{"count":16,"href":"https:\/\/otakugattai.com.br\/og\/wp-json\/wp\/v2\/pages\/736\/revisions"}],"predecessor-version":[{"id":783,"href":"https:\/\/otakugattai.com.br\/og\/wp-json\/wp\/v2\/pages\/736\/revisions\/783"}],"wp:attachment":[{"href":"https:\/\/otakugattai.com.br\/og\/wp-json\/wp\/v2\/media?parent=736"}],"curies":[{"name":"wp","href":"https:\/\/api.w.org\/{rel}","templated":true}]}}